{"id":68,"date":"2024-06-02T10:58:38","date_gmt":"2024-06-02T10:58:38","guid":{"rendered":"https:\/\/forstweg-familienquartier.de\/?page_id=68"},"modified":"2024-08-12T13:33:14","modified_gmt":"2024-08-12T13:33:14","slug":"haftungsausschluss","status":"publish","type":"page","link":"https:\/\/forstweg-familienquartier.de\/en\/haftungsausschluss\/","title":{"rendered":"Disclaimer"},"content":{"rendered":"<div data-elementor-type=\"wp-page\" data-elementor-id=\"68\" class=\"elementor elementor-68\">\n\t\t\t\t<div class=\"elementor-element elementor-element-193cecc2 e-flex e-con-boxed e-con e-parent\" data-id=\"193cecc2\" data-element_type=\"container\" data-e-type=\"container\">\n\t\t\t\t\t<div class=\"e-con-inner\">\n\t\t<div class=\"elementor-element elementor-element-5746f66 e-flex e-con-boxed e-con e-child\" data-id=\"5746f66\" data-element_type=\"container\" data-e-type=\"container\">\n\t\t\t\t\t<div class=\"e-con-inner\">\n\t\t<div class=\"elementor-element elementor-element-79b65869 e-flex e-con-boxed e-con e-child\" data-id=\"79b65869\" data-element_type=\"container\" data-e-type=\"container\">\n\t\t\t\t\t<div class=\"e-con-inner\">\n\t\t\t\t<div class=\"elementor-element elementor-element-19d5607b elementor-widget elementor-widget-text-editor\" data-id=\"19d5607b\" data-element_type=\"widget\" data-e-type=\"widget\" data-widget_type=\"text-editor.default\">\n\t\t\t\t<div class=\"elementor-widget-container\">\n\t\t\t\t\t\t\t\t\t<p><a href=\"https:\/\/forstweg-familienquartier.de\/en\/\">&lt; Back to home page<\/a><\/p>\t\t\t\t\t\t\t\t<\/div>\n\t\t\t\t<\/div>\n\t\t\t\t\t<\/div>\n\t\t\t\t<\/div>\n\t\t\t\t\t<\/div>\n\t\t\t\t<\/div>\n\t\t\t\t<div class=\"elementor-element elementor-element-1c04438a elementor-widget elementor-widget-heading\" data-id=\"1c04438a\" data-element_type=\"widget\" data-e-type=\"widget\" data-widget_type=\"heading.default\">\n\t\t\t\t<div class=\"elementor-widget-container\">\n\t\t\t\t\t<h2 class=\"elementor-heading-title elementor-size-default\">Disclaimer<\/h2>\t\t\t\t<\/div>\n\t\t\t\t<\/div>\n\t\t\t\t<div class=\"elementor-element elementor-element-60dc39b1 elementor-widget elementor-widget-text-editor\" data-id=\"60dc39b1\" data-element_type=\"widget\" data-e-type=\"widget\" data-widget_type=\"text-editor.default\">\n\t\t\t\t<div class=\"elementor-widget-container\">\n\t\t\t\t\t\t\t\t\t<p><b>Disclaimer for new construction project website:<br><\/b><br>We would like to point out that all visualizations, floor plans and virtual tours on this website do not correspond exactly to reality. These contents are only intended as an aid to give you a better idea of the houses.<\/p>\n<p>1. no binding representation: The visualizations, floor plans and virtual tours presented on this website are for illustrative purposes only and do not constitute a binding assurance. Deviations between the content shown and the actual design may occur.<\/p>\n<p>2. individual design options: Please note that certain design elements, materials and equipment features on the visualizations and floor plans may not be included in the scope of delivery or may change. Any specific changes or individual adaptations must be agreed separately and may incur additional costs.<\/p>\n<p>3. technical implementation and scale deviations: The virtual tours give an impression of the premises, but may show deviations due to technical reasons. Deviations in scale and differences in the actual size and room layout are possible and may differ from the content shown.<\/p>\n<p>4. legal obligation: Please note that the information presented on this website does not constitute a legally binding contract. Binding agreements and legal aspects are defined in individual contracts and purchase agreements.<\/p>\n<p>5 Changes and updates: We reserve the right to make changes to the visualizations, floor plans and virtual tours at any time in order to improve them or adapt them to changed conditions. For this reason, the content presented on this website may be out of date or no longer current.<\/p>\n<p>6 Please understand that we cannot accept any liability for the accuracy, completeness and up-to-dateness of the visualizations, floor plans and virtual tours. We therefore recommend that you contact us for detailed information and binding agreements if you are interested in buying or making a reservation.<\/p>\n<p>7. by using this website, you accept this disclaimer and agree that the content shown is purely illustrative and not binding.<\/p>\n<p><b>Web and 3D design<br><br><\/b><span style=\"font-family: inherit; font-size: inherit; font-style: inherit; font-variant-ligatures: inherit; font-variant-caps: inherit; font-weight: inherit; color: var( --e-global-color-secondary ); letter-spacing: var( --e-global-typography-c04a158-letter-spacing ); word-spacing: var( --e-global-typography-c04a158-word-spacing ); text-align: var(--text-align); background-color: var(--theme-palette-color-7); text-transform: var(--theme-text-transform);\">PlanVision3D<br>Contact person: Hossein Jaber<br>Leester Strasse 95<br>28844 Weyhe<br><br>Mobile: 01607577845<br>E-Maill: info@planvision3d.de<\/span><\/p>\t\t\t\t\t\t\t\t<\/div>\n\t\t\t\t<\/div>\n\t\t\t\t\t<\/div>\n\t\t\t\t<\/div>\n\t\t<div class=\"elementor-element elementor-element-1a114eee e-flex e-con-boxed e-con e-parent\" data-id=\"1a114eee\" data-element_type=\"container\" data-e-type=\"container\" data-settings=\"{&quot;background_background&quot;:&quot;classic&quot;}\">\n\t\t\t\t\t<div class=\"e-con-inner\">\n\t\t<div class=\"elementor-element elementor-element-7124b8cb e-con-full e-flex e-con e-child\" data-id=\"7124b8cb\" data-element_type=\"container\" data-e-type=\"container\">\n\t\t\t\t<\/div>\n\t\t<div class=\"elementor-element elementor-element-4d8018c5 e-con-full e-flex e-con e-child\" data-id=\"4d8018c5\" data-element_type=\"container\" data-e-type=\"container\">\n\t\t<div class=\"elementor-element elementor-element-602af035 e-grid e-con-boxed e-con e-child\" data-id=\"602af035\" data-element_type=\"container\" data-e-type=\"container\">\n\t\t\t\t\t<div class=\"e-con-inner\">\n\t\t\t\t<div class=\"elementor-element elementor-element-d086b7c elementor-widget elementor-widget-text-editor\" data-id=\"d086b7c\" data-element_type=\"widget\" data-e-type=\"widget\" data-widget_type=\"text-editor.default\">\n\t\t\t\t<div class=\"elementor-widget-container\">\n\t\t\t\t\t\t\t\t\t<p><a href=\"\/en\/impressum\/\">IMPRINT<\/a><\/p>\t\t\t\t\t\t\t\t<\/div>\n\t\t\t\t<\/div>\n\t\t\t\t<div class=\"elementor-element elementor-element-4af037f8 elementor-widget elementor-widget-text-editor\" data-id=\"4af037f8\" data-element_type=\"widget\" data-e-type=\"widget\" data-widget_type=\"text-editor.default\">\n\t\t\t\t<div class=\"elementor-widget-container\">\n\t\t\t\t\t\t\t\t\t<p><a href=\"\/en\/haftungsausschluss\/\">EXCLUSION OF LIABILITY<\/a><\/p>\t\t\t\t\t\t\t\t<\/div>\n\t\t\t\t<\/div>\n\t\t\t\t<div class=\"elementor-element elementor-element-e486fa0 elementor-widget elementor-widget-text-editor\" data-id=\"e486fa0\" data-element_type=\"widget\" data-e-type=\"widget\" data-widget_type=\"text-editor.default\">\n\t\t\t\t<div class=\"elementor-widget-container\">\n\t\t\t\t\t\t\t\t\t<p><a href=\"\/en\/datenschutz\/\">DATA PROTECTION<\/a><\/p>\t\t\t\t\t\t\t\t<\/div>\n\t\t\t\t<\/div>\n\t\t\t\t\t<\/div>\n\t\t\t\t<\/div>\n\t\t<div class=\"elementor-element elementor-element-273031e6 e-flex e-con-boxed e-con e-child\" data-id=\"273031e6\" data-element_type=\"container\" data-e-type=\"container\">\n\t\t\t\t\t<div class=\"e-con-inner\">\n\t\t\t\t<div class=\"elementor-element elementor-element-51d21ee5 elementor-widget elementor-widget-shortcode\" data-id=\"51d21ee5\" data-element_type=\"widget\" data-e-type=\"widget\" data-widget_type=\"shortcode.default\">\n\t\t\t\t<div class=\"elementor-widget-container\">\n\t\t\t\t\t\t\t<div class=\"elementor-shortcode\">Copyright 2026, alle Rechte vorbehalten.<\/div>\n\t\t\t\t\t\t<\/div>\n\t\t\t\t<\/div>\n\t\t\t\t<div class=\"elementor-element elementor-element-63eb7708 elementor-widget elementor-widget-text-editor\" data-id=\"63eb7708\" data-element_type=\"widget\" data-e-type=\"widget\" data-widget_type=\"text-editor.default\">\n\t\t\t\t<div class=\"elementor-widget-container\">\n\t\t\t\t\t\t\t\t\t<p>3D visualizations | virtual tours | web design<br \/><a class=\"\" href=\"https:\/\/www.planvision3d.de\/\" target=\"_blank\" rel=\"noopener\" data-css=\"tve-u-189b008bd31\">www.planvision3d.de<\/a><\/p>\t\t\t\t\t\t\t\t<\/div>\n\t\t\t\t<\/div>\n\t\t\t\t\t<\/div>\n\t\t\t\t<\/div>\n\t\t\t\t<\/div>\n\t\t<div class=\"elementor-element elementor-element-29fe311 e-con-full e-flex e-con e-child\" data-id=\"29fe311\" data-element_type=\"container\" data-e-type=\"container\">\n\t\t\t\t<\/div>\n\t\t\t\t\t<\/div>\n\t\t\t\t<\/div>\n\t\t\t\t<\/div>","protected":false},"excerpt":{"rendered":"<p>&lt; Zur\u00fcck zur Startseite Haftungsausschluss Haftungsausschluss f\u00fcr Neubauprojektwebseite:Wir m\u00f6chten Sie darauf hinweisen, dass alle Visualisierungen, Grundrisse und virtuellen Rundg\u00e4nge auf dieser Webseite nicht exakt der Realit\u00e4t entsprechen. Diese Inhalte dienen lediglich als Hilfestellung, um Ihnen eine bessere Vorstellung der H\u00e4user zu vermitteln. 1. Keine verbindliche Darstellung: Die auf dieser Webseite pr\u00e4sentierten Visualisierungen, Grundrisse und virtuellen [&hellip;]<\/p>\n","protected":false},"author":1,"featured_media":0,"parent":0,"menu_order":0,"comment_status":"closed","ping_status":"closed","template":"","meta":{"_uf_show_specific_survey":0,"_uf_disable_surveys":false,"footnotes":""},"class_list":["post-68","page","type-page","status-publish","hentry"],"blocksy_meta":[],"aioseo_notices":[],"_links":{"self":[{"href":"https:\/\/forstweg-familienquartier.de\/en\/wp-json\/wp\/v2\/pages\/68","targetHints":{"allow":["GET"]}}],"collection":[{"href":"https:\/\/forstweg-familienquartier.de\/en\/wp-json\/wp\/v2\/pages"}],"about":[{"href":"https:\/\/forstweg-familienquartier.de\/en\/wp-json\/wp\/v2\/types\/page"}],"author":[{"embeddable":true,"href":"https:\/\/forstweg-familienquartier.de\/en\/wp-json\/wp\/v2\/users\/1"}],"replies":[{"embeddable":true,"href":"https:\/\/forstweg-familienquartier.de\/en\/wp-json\/wp\/v2\/comments?post=68"}],"version-history":[{"count":10,"href":"https:\/\/forstweg-familienquartier.de\/en\/wp-json\/wp\/v2\/pages\/68\/revisions"}],"predecessor-version":[{"id":953,"href":"https:\/\/forstweg-familienquartier.de\/en\/wp-json\/wp\/v2\/pages\/68\/revisions\/953"}],"wp:attachment":[{"href":"https:\/\/forstweg-familienquartier.de\/en\/wp-json\/wp\/v2\/media?parent=68"}],"curies":[{"name":"wp","href":"https:\/\/api.w.org\/{rel}","templated":true}]}}