{"id":16,"date":"2024-06-02T10:54:43","date_gmt":"2024-06-02T10:54:43","guid":{"rendered":"https:\/\/forstweg-familienquartier.de\/?page_id=16"},"modified":"2024-08-12T13:29:53","modified_gmt":"2024-08-12T13:29:53","slug":"impressum","status":"publish","type":"page","link":"https:\/\/forstweg-familienquartier.de\/en\/impressum\/","title":{"rendered":"Imprint"},"content":{"rendered":"<div data-elementor-type=\"wp-page\" data-elementor-id=\"16\" class=\"elementor elementor-16\">\n\t\t\t\t<div class=\"elementor-element elementor-element-13a8906a e-flex e-con-boxed e-con e-parent\" data-id=\"13a8906a\" data-element_type=\"container\" data-e-type=\"container\">\n\t\t\t\t\t<div class=\"e-con-inner\">\n\t\t<div class=\"elementor-element elementor-element-551578ec e-flex e-con-boxed e-con e-child\" data-id=\"551578ec\" data-element_type=\"container\" data-e-type=\"container\">\n\t\t\t\t\t<div class=\"e-con-inner\">\n\t\t<div class=\"elementor-element elementor-element-64ea2b39 e-flex e-con-boxed e-con e-child\" data-id=\"64ea2b39\" data-element_type=\"container\" data-e-type=\"container\">\n\t\t\t\t\t<div class=\"e-con-inner\">\n\t\t\t\t<div class=\"elementor-element elementor-element-7fc01c32 elementor-widget elementor-widget-text-editor\" data-id=\"7fc01c32\" data-element_type=\"widget\" data-e-type=\"widget\" data-widget_type=\"text-editor.default\">\n\t\t\t\t<div class=\"elementor-widget-container\">\n\t\t\t\t\t\t\t\t\t<p><a href=\"https:\/\/forstweg-familienquartier.de\/en\/\">&lt; Back to home page<\/a><\/p>\t\t\t\t\t\t\t\t<\/div>\n\t\t\t\t<\/div>\n\t\t\t\t\t<\/div>\n\t\t\t\t<\/div>\n\t\t\t\t\t<\/div>\n\t\t\t\t<\/div>\n\t\t\t\t<div class=\"elementor-element elementor-element-1fbcc5a4 elementor-widget elementor-widget-heading\" data-id=\"1fbcc5a4\" data-element_type=\"widget\" data-e-type=\"widget\" data-widget_type=\"heading.default\">\n\t\t\t\t<div class=\"elementor-widget-container\">\n\t\t\t\t\t<h2 class=\"elementor-heading-title elementor-size-default\">Imprint<\/h2>\t\t\t\t<\/div>\n\t\t\t\t<\/div>\n\t\t\t\t<div class=\"elementor-element elementor-element-34c285b6 elementor-widget elementor-widget-text-editor\" data-id=\"34c285b6\" data-element_type=\"widget\" data-e-type=\"widget\" data-widget_type=\"text-editor.default\">\n\t\t\t\t<div class=\"elementor-widget-container\">\n\t\t\t\t\t\t\t\t\t<p><b>Information according to \u00a7 5 TMG:<br><\/b><span style=\"background-color: var(--theme-palette-color-7); text-align: var(--text-align); font-family: inherit; font-size: inherit; font-style: inherit; font-variant-ligatures: inherit; font-variant-caps: inherit; font-weight: inherit; color: var( --e-global-color-secondary ); letter-spacing: var(--theme-letter-spacing); text-transform: var(--theme-text-transform);\">CR consulting solutions<br><\/span><span style=\"background-color: var(--theme-palette-color-7); text-align: var(--text-align); font-family: inherit; font-size: inherit; font-style: inherit; font-variant-ligatures: inherit; font-variant-caps: inherit; font-weight: inherit; color: var( --e-global-color-secondary ); letter-spacing: var(--theme-letter-spacing); text-transform: var(--theme-text-transform);\">Inh. Christian R\u00e4ther<br><\/span><span style=\"font-family: inherit; font-size: inherit; font-style: inherit; font-variant-ligatures: inherit; font-variant-caps: inherit; font-weight: inherit; color: var( --e-global-color-secondary ); text-align: var(--text-align); background-color: var(--theme-palette-color-7); letter-spacing: var(--theme-letter-spacing); text-transform: var(--theme-text-transform);\">Schwette 7<\/span><\/p>\n<p><span style=\"font-family: inherit; font-size: inherit; font-style: inherit; font-variant-ligatures: inherit; font-variant-caps: inherit; font-weight: inherit; color: var( --e-global-color-secondary ); text-align: var(--text-align); background-color: var(--theme-palette-color-7); letter-spacing: var(--theme-letter-spacing); text-transform: var(--theme-text-transform);\">D-86946 Stadl<\/span><\/p>\n<p><b>Represented by:<br><\/b><span style=\"background-color: var(--theme-palette-color-7); text-align: var(--text-align); font-family: inherit; font-size: inherit; font-style: inherit; font-variant-ligatures: inherit; font-variant-caps: inherit; font-weight: inherit; color: var( --e-global-color-secondary ); letter-spacing: var(--theme-letter-spacing); text-transform: var(--theme-text-transform);\">Christian R\u00e4ther<\/span><\/p>\n<p><b>Contact<br><\/b><span style=\"font-family: inherit; font-size: inherit; font-style: inherit; font-variant-ligatures: inherit; font-variant-caps: inherit; font-weight: inherit; color: var( --e-global-color-secondary ); text-align: var(--text-align); background-color: var(--theme-palette-color-7); letter-spacing: var(--theme-letter-spacing); text-transform: var(--theme-text-transform);\">Tel.: +49 (0)8092 \/ 86 36 020<br><\/span><span style=\"background-color: var(--theme-palette-color-7); color: var( --e-global-color-secondary ); font-family: inherit; font-size: inherit; font-style: inherit; font-variant-ligatures: inherit; font-variant-caps: inherit; font-weight: inherit; letter-spacing: var(--theme-letter-spacing); text-align: var(--text-align); text-transform: var(--theme-text-transform);\">Fax.: +49 (0)8092 \/ 86 83 833<br><\/span><span style=\"background-color: var(--theme-palette-color-7); color: var( --e-global-color-secondary ); font-family: inherit; font-size: inherit; font-style: inherit; font-variant-ligatures: inherit; font-variant-caps: inherit; font-weight: inherit; letter-spacing: var(--theme-letter-spacing); text-align: var(--text-align); text-transform: var(--theme-text-transform);\">Mail: info@m\u00e4sel-r\u00e4ther.de<\/span><\/p>\t\t\t\t\t\t\t\t<\/div>\n\t\t\t\t<\/div>\n\t\t\t\t<div class=\"elementor-element elementor-element-32c32c0a elementor-widget elementor-widget-text-editor\" data-id=\"32c32c0a\" data-element_type=\"widget\" data-e-type=\"widget\" data-widget_type=\"text-editor.default\">\n\t\t\t\t<div class=\"elementor-widget-container\">\n\t\t\t\t\t\t\t\t\t<p><b><span style=\"font-family: inherit; font-size: inherit; font-style: inherit; font-variant-ligatures: inherit; font-variant-caps: inherit; color: var( --e-global-color-secondary ); text-align: var(--text-align); background-color: var(--theme-palette-color-7); letter-spacing: var(--theme-letter-spacing); text-transform: var(--theme-text-transform);\">Contact person for web and 3D design:<br><\/span><\/b><span style=\"font-family: inherit; font-size: inherit; font-style: inherit; font-variant-ligatures: inherit; font-variant-caps: inherit; font-weight: inherit; color: var( --e-global-color-secondary ); text-align: var(--text-align); background-color: var(--theme-palette-color-7); letter-spacing: var(--theme-letter-spacing); text-transform: var(--theme-text-transform);\">PlanVision3D (Hossein Jaber)<br>Leester Stra\u00dfe 95<br>28844 Weyhe<br>info@planvision3d.de<br>www.planvision3d.de<\/span><\/p>\t\t\t\t\t\t\t\t<\/div>\n\t\t\t\t<\/div>\n\t\t\t\t<div class=\"elementor-element elementor-element-5815836b elementor-widget elementor-widget-text-editor\" data-id=\"5815836b\" data-element_type=\"widget\" data-e-type=\"widget\" data-widget_type=\"text-editor.default\">\n\t\t\t\t<div class=\"elementor-widget-container\">\n\t\t\t\t\t\t\t\t\t<p><b style=\"font-family: inherit; font-size: inherit; font-style: inherit; font-variant-ligatures: inherit; font-variant-caps: inherit; color: var( --e-global-color-secondary ); letter-spacing: var( --e-global-typography-c04a158-letter-spacing ); word-spacing: var( --e-global-typography-c04a158-word-spacing ); text-align: var(--text-align); background-color: var(--theme-palette-color-7); text-transform: var(--theme-text-transform);\">Dispute resolution<br \/><\/b><span style=\"font-family: inherit; font-size: inherit; font-style: inherit; font-variant-ligatures: inherit; font-variant-caps: inherit; font-weight: inherit; color: var( --e-global-color-secondary ); letter-spacing: var( --e-global-typography-c04a158-letter-spacing ); word-spacing: var( --e-global-typography-c04a158-word-spacing ); text-align: var(--text-align); background-color: var(--theme-palette-color-7); text-transform: var(--theme-text-transform);\">The European Commission provides a platform for online dispute resolution (ODR)<a href=\"https:\/\/ec.europa.eu\/consumers\/odr\"> https:\/\/ec.europa.eu\/consumers\/odr<\/a>.You can find our e-mail address in the imprint above.\u00a0<\/span><span style=\"background-color: var(--theme-palette-color-7); color: var( --e-global-color-secondary ); font-family: inherit; font-size: inherit; font-style: inherit; font-variant-ligatures: inherit; font-variant-caps: inherit; font-weight: inherit; letter-spacing: var(--theme-letter-spacing); text-align: var(--text-align); text-transform: var(--theme-text-transform); word-spacing: var( --e-global-typography-c04a158-word-spacing );\">We are not willing or obliged to participate in dispute resolution proceedings before a consumer arbitration board.<\/span><\/p><p><b>Liability for content<br \/><\/b>As a service provider, we are responsible for our own content on these pages in accordance with Section 7 (1) TMG (German Telemedia Act) and general legislation. According to \u00a7\u00a7 8 to 10 TMG, however, we as a service provider are not obliged to monitor transmitted or stored third-party information or to investigate circumstances that indicate illegal activity.<br \/><span style=\"font-family: inherit; font-size: inherit; font-style: inherit; font-variant-ligatures: inherit; font-variant-caps: inherit; font-weight: inherit; color: var( --e-global-color-secondary ); text-align: var(--text-align); background-color: var(--theme-palette-color-7); letter-spacing: var(--theme-letter-spacing); text-transform: var(--theme-text-transform);\">Obligations to remove or block the use of information in accordance with general legislation remain unaffected by this. However, liability in this respect is only possible from the time we become aware of a specific infringement. As soon as we become aware of such infringements, we will remove this content immediately.<\/span><\/p><p><b>Liability for links<br \/><\/b>Our website contains links to external third-party websites over whose content we have no influence. Therefore, we cannot accept any liability for this third-party content. The respective provider or operator of the pages is always responsible for the content of the linked pages. The linked pages were checked for possible legal violations at the time of linking. Illegal contents were not recognizable at the time of linking.<br \/>However, permanent monitoring of the content of the linked pages is not reasonable without concrete evidence of an infringement. If we become aware of any legal infringements, we will remove such links immediately.<\/p><p><b>Copyright<br \/><\/b><span style=\"font-family: inherit; font-size: inherit; font-style: inherit; font-variant-ligatures: inherit; font-variant-caps: inherit; font-weight: inherit; color: var( --e-global-color-secondary ); text-align: var(--text-align); background-color: var(--theme-palette-color-7); letter-spacing: var(--theme-letter-spacing); text-transform: var(--theme-text-transform);\">The content and works created by the site operators on these pages are subject to German copyright law. Duplication, processing, distribution and any form of commercialization of such material beyond the scope of the copyright law shall require the prior written consent of its respective author or creator. Downloads and copies of this site are only permitted for private, non-commercial use.\u00a0<\/span><span style=\"font-family: inherit; font-size: inherit; font-style: inherit; font-variant-ligatures: inherit; font-variant-caps: inherit; font-weight: inherit; color: var( --e-global-color-secondary ); text-align: var(--text-align); background-color: var(--theme-palette-color-7); letter-spacing: var(--theme-letter-spacing); text-transform: var(--theme-text-transform);\">Insofar as the content on this site was not created by the operator, the copyrights of third parties are respected. In particular, third-party content is identified as such. Should you nevertheless become aware of a copyright infringement, please inform us accordingly. If we become aware of any infringements, we will remove such content immediately.<\/span><\/p>\t\t\t\t\t\t\t\t<\/div>\n\t\t\t\t<\/div>\n\t\t\t\t\t<\/div>\n\t\t\t\t<\/div>\n\t\t<div class=\"elementor-element elementor-element-7f2bdf70 e-flex e-con-boxed e-con e-parent\" data-id=\"7f2bdf70\" data-element_type=\"container\" data-e-type=\"container\" data-settings=\"{&quot;background_background&quot;:&quot;classic&quot;}\">\n\t\t\t\t\t<div class=\"e-con-inner\">\n\t\t<div class=\"elementor-element elementor-element-b90c62c e-con-full e-flex e-con e-child\" data-id=\"b90c62c\" data-element_type=\"container\" data-e-type=\"container\">\n\t\t\t\t<\/div>\n\t\t<div class=\"elementor-element elementor-element-67a309ac e-con-full e-flex e-con e-child\" data-id=\"67a309ac\" data-element_type=\"container\" data-e-type=\"container\">\n\t\t<div class=\"elementor-element elementor-element-4d0d4bdf e-grid e-con-boxed e-con e-child\" data-id=\"4d0d4bdf\" data-element_type=\"container\" data-e-type=\"container\">\n\t\t\t\t\t<div class=\"e-con-inner\">\n\t\t\t\t<div class=\"elementor-element elementor-element-4f34f875 elementor-widget elementor-widget-text-editor\" data-id=\"4f34f875\" data-element_type=\"widget\" data-e-type=\"widget\" data-widget_type=\"text-editor.default\">\n\t\t\t\t<div class=\"elementor-widget-container\">\n\t\t\t\t\t\t\t\t\t<p><a href=\"\/en\/impressum\/\">IMPRINT<\/a><\/p>\t\t\t\t\t\t\t\t<\/div>\n\t\t\t\t<\/div>\n\t\t\t\t<div class=\"elementor-element elementor-element-69003bd3 elementor-widget elementor-widget-text-editor\" data-id=\"69003bd3\" data-element_type=\"widget\" data-e-type=\"widget\" data-widget_type=\"text-editor.default\">\n\t\t\t\t<div class=\"elementor-widget-container\">\n\t\t\t\t\t\t\t\t\t<p><a href=\"\/en\/haftungsausschluss\/\">EXCLUSION OF LIABILITY<\/a><\/p>\t\t\t\t\t\t\t\t<\/div>\n\t\t\t\t<\/div>\n\t\t\t\t<div class=\"elementor-element elementor-element-5157b5c1 elementor-widget elementor-widget-text-editor\" data-id=\"5157b5c1\" data-element_type=\"widget\" data-e-type=\"widget\" data-widget_type=\"text-editor.default\">\n\t\t\t\t<div class=\"elementor-widget-container\">\n\t\t\t\t\t\t\t\t\t<p><a href=\"\/en\/datenschutz\/\">DATA PROTECTION<\/a><\/p>\t\t\t\t\t\t\t\t<\/div>\n\t\t\t\t<\/div>\n\t\t\t\t\t<\/div>\n\t\t\t\t<\/div>\n\t\t<div class=\"elementor-element elementor-element-50f4173b e-flex e-con-boxed e-con e-child\" data-id=\"50f4173b\" data-element_type=\"container\" data-e-type=\"container\">\n\t\t\t\t\t<div class=\"e-con-inner\">\n\t\t\t\t<div class=\"elementor-element elementor-element-6dab5805 elementor-widget elementor-widget-shortcode\" data-id=\"6dab5805\" data-element_type=\"widget\" data-e-type=\"widget\" data-widget_type=\"shortcode.default\">\n\t\t\t\t<div class=\"elementor-widget-container\">\n\t\t\t\t\t\t\t<div class=\"elementor-shortcode\">Copyright 2026, alle Rechte vorbehalten.<\/div>\n\t\t\t\t\t\t<\/div>\n\t\t\t\t<\/div>\n\t\t\t\t<div class=\"elementor-element elementor-element-3350397f elementor-widget elementor-widget-text-editor\" data-id=\"3350397f\" data-element_type=\"widget\" data-e-type=\"widget\" data-widget_type=\"text-editor.default\">\n\t\t\t\t<div class=\"elementor-widget-container\">\n\t\t\t\t\t\t\t\t\t<p>3D visualizations | virtual tours | web design<br \/><a class=\"\" href=\"https:\/\/www.planvision3d.de\/\" target=\"_blank\" rel=\"noopener\" data-css=\"tve-u-189b008bd31\">www.planvision3d.de<\/a><\/p>\t\t\t\t\t\t\t\t<\/div>\n\t\t\t\t<\/div>\n\t\t\t\t\t<\/div>\n\t\t\t\t<\/div>\n\t\t\t\t<\/div>\n\t\t<div class=\"elementor-element elementor-element-699bf95d e-con-full e-flex e-con e-child\" data-id=\"699bf95d\" data-element_type=\"container\" data-e-type=\"container\">\n\t\t\t\t<\/div>\n\t\t\t\t\t<\/div>\n\t\t\t\t<\/div>\n\t\t\t\t<\/div>","protected":false},"excerpt":{"rendered":"<p>&lt; Zur\u00fcck zur Startseite Impressum Angaben gem\u00e4\u00df \u00a7 5 TMG:CR consulting solutionsInh. Christian R\u00e4therSchwette 7 D-86946 Stadl Vertreten durch:Christian R\u00e4ther Kontakt:Tel.: +49 (0)8092 \/ 86 36 020Fax.: +49 (0)8092 \/ 86 83 833Mail: info@m\u00e4sel-r\u00e4ther.de Ansprechpartner Web- und 3D Design:PlanVision3D (Hossein Jaber)Leester Stra\u00dfe 9528844 Weyheinfo@planvision3d.dewww.planvision3d.de StreitschlichtungDie Europ\u00e4ische Kommission stellt eine Plattform zur Online-Streitbeilegung (OS) bereit: https:\/\/ec.europa.eu\/consumers\/odr.Unsere [&hellip;]<\/p>\n","protected":false},"author":1,"featured_media":0,"parent":0,"menu_order":0,"comment_status":"closed","ping_status":"closed","template":"","meta":{"_uf_show_specific_survey":0,"_uf_disable_surveys":false,"footnotes":""},"class_list":["post-16","page","type-page","status-publish","hentry"],"blocksy_meta":[],"aioseo_notices":[],"_links":{"self":[{"href":"https:\/\/forstweg-familienquartier.de\/en\/wp-json\/wp\/v2\/pages\/16","targetHints":{"allow":["GET"]}}],"collection":[{"href":"https:\/\/forstweg-familienquartier.de\/en\/wp-json\/wp\/v2\/pages"}],"about":[{"href":"https:\/\/forstweg-familienquartier.de\/en\/wp-json\/wp\/v2\/types\/page"}],"author":[{"embeddable":true,"href":"https:\/\/forstweg-familienquartier.de\/en\/wp-json\/wp\/v2\/users\/1"}],"replies":[{"embeddable":true,"href":"https:\/\/forstweg-familienquartier.de\/en\/wp-json\/wp\/v2\/comments?post=16"}],"version-history":[{"count":13,"href":"https:\/\/forstweg-familienquartier.de\/en\/wp-json\/wp\/v2\/pages\/16\/revisions"}],"predecessor-version":[{"id":954,"href":"https:\/\/forstweg-familienquartier.de\/en\/wp-json\/wp\/v2\/pages\/16\/revisions\/954"}],"wp:attachment":[{"href":"https:\/\/forstweg-familienquartier.de\/en\/wp-json\/wp\/v2\/media?parent=16"}],"curies":[{"name":"wp","href":"https:\/\/api.w.org\/{rel}","templated":true}]}}