{"id":14,"date":"2024-06-02T10:54:58","date_gmt":"2024-06-02T10:54:58","guid":{"rendered":"https:\/\/forstweg-familienquartier.de\/?page_id=14"},"modified":"2024-08-12T13:38:30","modified_gmt":"2024-08-12T13:38:30","slug":"datenschutz","status":"publish","type":"page","link":"https:\/\/forstweg-familienquartier.de\/en\/datenschutz\/","title":{"rendered":"Data protection"},"content":{"rendered":"<div data-elementor-type=\"wp-page\" data-elementor-id=\"14\" class=\"elementor elementor-14\">\n\t\t\t\t<div class=\"elementor-element elementor-element-75d9faf7 e-flex e-con-boxed e-con e-parent\" data-id=\"75d9faf7\" data-element_type=\"container\" data-e-type=\"container\" data-settings=\"{&quot;background_background&quot;:&quot;classic&quot;}\">\n\t\t\t\t\t<div class=\"e-con-inner\">\n\t\t<div class=\"elementor-element elementor-element-67a13260 e-flex e-con-boxed e-con e-child\" data-id=\"67a13260\" data-element_type=\"container\" data-e-type=\"container\">\n\t\t\t\t\t<div class=\"e-con-inner\">\n\t\t<div class=\"elementor-element elementor-element-669a14c9 e-flex e-con-boxed e-con e-child\" data-id=\"669a14c9\" data-element_type=\"container\" data-e-type=\"container\">\n\t\t\t\t\t<div class=\"e-con-inner\">\n\t\t\t\t<div class=\"elementor-element elementor-element-3426cc78 elementor-widget elementor-widget-text-editor\" data-id=\"3426cc78\" data-element_type=\"widget\" data-e-type=\"widget\" data-widget_type=\"text-editor.default\">\n\t\t\t\t<div class=\"elementor-widget-container\">\n\t\t\t\t\t\t\t\t\t<p><a href=\"https:\/\/forstweg-familienquartier.de\/en\/\">&lt; Back to home page<\/a><\/p>\t\t\t\t\t\t\t\t<\/div>\n\t\t\t\t<\/div>\n\t\t\t\t\t<\/div>\n\t\t\t\t<\/div>\n\t\t\t\t\t<\/div>\n\t\t\t\t<\/div>\n\t\t\t\t<div class=\"elementor-element elementor-element-7031350c elementor-widget elementor-widget-heading\" data-id=\"7031350c\" data-element_type=\"widget\" data-e-type=\"widget\" data-widget_type=\"heading.default\">\n\t\t\t\t<div class=\"elementor-widget-container\">\n\t\t\t\t\t<h2 class=\"elementor-heading-title elementor-size-default\">Privacy policy<\/h2>\t\t\t\t<\/div>\n\t\t\t\t<\/div>\n\t\t\t\t<div class=\"elementor-element elementor-element-3af316d1 elementor-widget elementor-widget-text-editor\" data-id=\"3af316d1\" data-element_type=\"widget\" data-e-type=\"widget\" data-widget_type=\"text-editor.default\">\n\t\t\t\t<div class=\"elementor-widget-container\">\n\t\t\t\t\t\t\t\t\t<p>The protection of your personal data is important to us. We would like to inform you below about how we process your data when you visit our website.<\/p>\t\t\t\t\t\t\t\t<\/div>\n\t\t\t\t<\/div>\n\t\t\t\t<div class=\"elementor-element elementor-element-21c589a0 elementor-widget elementor-widget-text-editor\" data-id=\"21c589a0\" data-element_type=\"widget\" data-e-type=\"widget\" data-widget_type=\"text-editor.default\">\n\t\t\t\t<div class=\"elementor-widget-container\">\n\t\t\t\t\t\t\t\t\t<p><b>1. responsible body<\/b><\/p>\n<p>We are responsible for the processing of your personal data:<\/p>\t\t\t\t\t\t\t\t<\/div>\n\t\t\t\t<\/div>\n\t\t\t\t<div class=\"elementor-element elementor-element-4ab7c650 elementor-widget elementor-widget-text-editor\" data-id=\"4ab7c650\" data-element_type=\"widget\" data-e-type=\"widget\" data-widget_type=\"text-editor.default\">\n\t\t\t\t<div class=\"elementor-widget-container\">\n\t\t\t\t\t\t\t\t\t<p>CR consulting solutions<br \/>Inh. Christian R\u00e4ther<br \/>Schwette 7<br \/>D-86946 Stadl<\/p><p>Tel.: +49 (0)8092 \/ 86 36 020<br \/>Fax.: +49 (0)8092 \/ 86 83 833<br \/>Mail: info@m\u00e4sel-r\u00e4ther.de<\/p>\t\t\t\t\t\t\t\t<\/div>\n\t\t\t\t<\/div>\n\t\t\t\t<div class=\"elementor-element elementor-element-7c4b8d7e elementor-widget elementor-widget-text-editor\" data-id=\"7c4b8d7e\" data-element_type=\"widget\" data-e-type=\"widget\" data-widget_type=\"text-editor.default\">\n\t\t\t\t<div class=\"elementor-widget-container\">\n\t\t\t\t\t\t\t\t\t<p><b>Contact person for web and 3D design:<\/b><\/p><p>PlanVision3D<br \/>Leester Stra\u00dfe 95<br \/>28844 Weyhe<\/p><p>Web: www.planvision3d.de<br \/><span style=\"font-family: inherit; font-size: inherit; font-style: inherit; font-variant-ligatures: inherit; font-variant-caps: inherit; font-weight: inherit; color: var( --e-global-color-secondary ); letter-spacing: var( --e-global-typography-c04a158-letter-spacing ); word-spacing: var( --e-global-typography-c04a158-word-spacing ); text-align: var(--text-align); text-transform: var(--theme-text-transform);\">Mail: info@planvision3d.de<\/span><\/p>\t\t\t\t\t\t\t\t<\/div>\n\t\t\t\t<\/div>\n\t\t\t\t<div class=\"elementor-element elementor-element-583bf080 elementor-widget elementor-widget-text-editor\" data-id=\"583bf080\" data-element_type=\"widget\" data-e-type=\"widget\" data-widget_type=\"text-editor.default\">\n\t\t\t\t<div class=\"elementor-widget-container\">\n\t\t\t\t\t\t\t\t\t<p><b>2. collection and processing of personal data<\/b><\/p><p><b>a) Visiting the website<\/b><\/p><p>Each time you access our website, certain information is automatically transmitted to our server by the browser you use and temporarily stored in log files. This involves the following data:<\/p><ul><li>IP address of the accessing device<\/li><li>Date and time of access<\/li><li>Name and URL of the retrieved file<\/li><li>Website from which the access is made (referrer URL)<\/li><li>Browser used and, if applicable, the operating system of your device<\/li><li>Name of your internet service provider<\/li><\/ul><p>We process the aforementioned data for the following purposes:<\/p><ul><li>Ensuring a smooth connection to the website<\/li><li>Evaluation of system security and stability<\/li><li>Statistical evaluations to improve our offer<\/li><\/ul><p>The legal basis for data processing is Art. 6 para. 1 lit. f) of the General Data Protection Regulation (GDPR). Our legitimate interest arises from the aforementioned purposes for data collection. Under no circumstances do we use the data collected to draw conclusions about your person.<\/p><p><b>b) Contacting us<\/b><\/p><p>If you contact us by email, the personal data you voluntarily provide (such as your name, email address or telephone number) will be processed by us in order to process your request. This data is processed on the basis of Art. 6 para. 1 lit. b) GDPR, provided that your request is related to the fulfillment of a contract or is necessary for the implementation of pre-contractual measures. Otherwise, the processing is carried out on the basis of Art. 6 para. 1 lit. f) GDPR, whereby our legitimate interest lies in answering and processing your request.<\/p><p><b>3. transfer of data<\/b><\/p><p>Your personal data will not be transferred to third parties for purposes other than those listed below. We only pass on your personal data to third parties if:<\/p><ul><li>you have given your express consent,<\/li><li>the transfer is necessary for the performance of a contract with you,<\/li><li>the disclosure is necessary for the implementation of pre-contractual measures,<\/li><li>which are carried out at your request, we are legally obliged to do so,<\/li><li>or the disclosure is necessary for the assertion, exercise or defense of legal claims and there is no reason to assume that you have an overriding interest worthy of protection in not disclosing your data.<\/li><\/ul><p><b>4. storage and deletion of data<\/b><\/p><p>We only store your personal data for as long as is necessary to fulfill the above-mentioned purposes or as required by the statutory retention periods. Once the respective purpose no longer applies or the retention periods have expired, the corresponding data is routinely deleted.<\/p><p><b>5. use of cookies<\/b><\/p><p>Our website uses cookies. Cookies are small text files that are stored on your end device and contain information about your visit to our website. They are used to make the website more user-friendly, effective and secure.<\/p><p>Most of the cookies we use are so-called \u201csession cookies\u201d, which are automatically deleted at the end of your visit. Other cookies remain stored on your end device until you delete them. These cookies enable us to recognize your browser on your next visit.<\/p><p>You can control the use of cookies in your browser settings and reject them if necessary. Please note, however, that disabling cookies may limit the functionality of our website.<\/p><p><b>6. disclaimer for examples and visualizations<\/b><\/p><p>We would like to point out that all content, living space calculations, visualizations and examples on our website are merely intended to give you a better idea of the new-build project. No liability is assumed for the accuracy, completeness or timeliness of the information presented. These are non-binding illustrations that are not binding and may be subject to change.<\/p><p><b>7. your rights<\/b><\/p><p>You have the right to obtain information about the personal data processed by us. You can also request the rectification of inaccurate data and, under certain circumstances, request the erasure or restriction of the processing of your data. In addition, you have the right to object to the processing of your data and, under certain circumstances, to request the transfer of your data to another controller.<\/p><p>If you have any questions regarding the processing of your personal data or the exercise of your rights, you can contact us at any time using the contact details provided above.<\/p><p><b>8. updating the privacy policy<\/b><\/p><p>This privacy policy is updated regularly to comply with current legal requirements and to take account of any changes in our data processing procedures. The current version of the privacy policy can be accessed at any time on our website.<\/p><p>Status as of 30.05.2024<\/p><p>We use the \u201cReal Cookie Banner\u201d consent tool to manage the cookies and similar technologies used (tracking pixels, web beacons, etc.) and related consents. Details on how \u201cReal Cookie Banner\u201d works can be found at\u00a0<a href=\"https:\/\/devowl.io\/de\/rcb\/datenverarbeitung\/\" target=\"_blank\" rel=\"noopener\">https:\/\/devowl.io\/de\/rcb\/datenverarbeitung\/<\/a>. The legal basis for the processing of personal data in this context is Art. 6 para. 1 lit. c GDPR and Art. 6 para. 1 lit. f GDPR. Our legitimate interest is the management of the cookies and similar technologies used and the related consents. The provision of personal data is neither contractually required nor necessary for the conclusion of a contract. You are not obliged to provide the personal data. If you do not provide the personal data, we will not be able to manage your consent.<\/p>\t\t\t\t\t\t\t\t<\/div>\n\t\t\t\t<\/div>\n\t\t\t\t\t<\/div>\n\t\t\t\t<\/div>\n\t\t<div class=\"elementor-element elementor-element-1023446b e-flex e-con-boxed e-con e-parent\" data-id=\"1023446b\" data-element_type=\"container\" data-e-type=\"container\" data-settings=\"{&quot;background_background&quot;:&quot;classic&quot;}\">\n\t\t\t\t\t<div class=\"e-con-inner\">\n\t\t<div class=\"elementor-element elementor-element-2345ac4 e-con-full e-flex e-con e-child\" data-id=\"2345ac4\" data-element_type=\"container\" data-e-type=\"container\">\n\t\t\t\t<\/div>\n\t\t<div class=\"elementor-element elementor-element-c45e24f e-con-full e-flex e-con e-child\" data-id=\"c45e24f\" data-element_type=\"container\" data-e-type=\"container\">\n\t\t<div class=\"elementor-element elementor-element-500ebfae e-grid e-con-boxed e-con e-child\" data-id=\"500ebfae\" data-element_type=\"container\" data-e-type=\"container\">\n\t\t\t\t\t<div class=\"e-con-inner\">\n\t\t\t\t<div class=\"elementor-element elementor-element-e22ee18 elementor-widget elementor-widget-text-editor\" data-id=\"e22ee18\" data-element_type=\"widget\" data-e-type=\"widget\" data-widget_type=\"text-editor.default\">\n\t\t\t\t<div class=\"elementor-widget-container\">\n\t\t\t\t\t\t\t\t\t<p><a href=\"\/en\/impressum\/\">IMPRINT<\/a><\/p>\t\t\t\t\t\t\t\t<\/div>\n\t\t\t\t<\/div>\n\t\t\t\t<div class=\"elementor-element elementor-element-26c1e8bf elementor-widget elementor-widget-text-editor\" data-id=\"26c1e8bf\" data-element_type=\"widget\" data-e-type=\"widget\" data-widget_type=\"text-editor.default\">\n\t\t\t\t<div class=\"elementor-widget-container\">\n\t\t\t\t\t\t\t\t\t<p><a href=\"\/en\/haftungsausschluss\/\">EXCLUSION OF LIABILITY<\/a><\/p>\t\t\t\t\t\t\t\t<\/div>\n\t\t\t\t<\/div>\n\t\t\t\t<div class=\"elementor-element elementor-element-601c27cb elementor-widget elementor-widget-text-editor\" data-id=\"601c27cb\" data-element_type=\"widget\" data-e-type=\"widget\" data-widget_type=\"text-editor.default\">\n\t\t\t\t<div class=\"elementor-widget-container\">\n\t\t\t\t\t\t\t\t\t<p><a href=\"\/en\/datenschutz\/\">DATA PROTECTION<\/a><\/p>\t\t\t\t\t\t\t\t<\/div>\n\t\t\t\t<\/div>\n\t\t\t\t\t<\/div>\n\t\t\t\t<\/div>\n\t\t<div class=\"elementor-element elementor-element-348527a7 e-flex e-con-boxed e-con e-child\" data-id=\"348527a7\" data-element_type=\"container\" data-e-type=\"container\">\n\t\t\t\t\t<div class=\"e-con-inner\">\n\t\t\t\t<div class=\"elementor-element elementor-element-7bbf0928 elementor-widget elementor-widget-shortcode\" data-id=\"7bbf0928\" data-element_type=\"widget\" data-e-type=\"widget\" data-widget_type=\"shortcode.default\">\n\t\t\t\t<div class=\"elementor-widget-container\">\n\t\t\t\t\t\t\t<div class=\"elementor-shortcode\">Copyright 2026, alle Rechte vorbehalten.<\/div>\n\t\t\t\t\t\t<\/div>\n\t\t\t\t<\/div>\n\t\t\t\t<div class=\"elementor-element elementor-element-5abcac1d elementor-widget elementor-widget-text-editor\" data-id=\"5abcac1d\" data-element_type=\"widget\" data-e-type=\"widget\" data-widget_type=\"text-editor.default\">\n\t\t\t\t<div class=\"elementor-widget-container\">\n\t\t\t\t\t\t\t\t\t<p>3D visualizations | virtual tours | web design<br \/><a class=\"\" href=\"https:\/\/www.planvision3d.de\/\" target=\"_blank\" rel=\"noopener\" data-css=\"tve-u-189b008bd31\">www.planvision3d.de<\/a><\/p>\t\t\t\t\t\t\t\t<\/div>\n\t\t\t\t<\/div>\n\t\t\t\t\t<\/div>\n\t\t\t\t<\/div>\n\t\t\t\t<\/div>\n\t\t<div class=\"elementor-element elementor-element-5e3818aa e-con-full e-flex e-con e-child\" data-id=\"5e3818aa\" data-element_type=\"container\" data-e-type=\"container\">\n\t\t\t\t<\/div>\n\t\t\t\t\t<\/div>\n\t\t\t\t<\/div>\n\t\t\t\t<\/div>","protected":false},"excerpt":{"rendered":"<p>&lt; Zur\u00fcck zur Startseite Datenschutzerkl\u00e4rung Der Schutz Ihrer personenbezogenen Daten ist uns ein wichtiges Anliegen. Nachfolgend m\u00f6chten wir Sie dar\u00fcber informieren, wie wir Ihre Daten verarbeiten, wenn Sie unsere Webseite besuchen. 1. Verantwortliche Stelle Verantwortlich f\u00fcr die Verarbeitung Ihrer personenbezogenen Daten ist: CR consulting solutionsInh. Christian R\u00e4therSchwette 7D-86946 Stadl Tel.: +49 (0)8092 \/ 86 36 [&hellip;]<\/p>\n","protected":false},"author":1,"featured_media":0,"parent":0,"menu_order":0,"comment_status":"closed","ping_status":"closed","template":"","meta":{"_uf_show_specific_survey":0,"_uf_disable_surveys":false,"footnotes":""},"class_list":["post-14","page","type-page","status-publish","hentry"],"blocksy_meta":[],"aioseo_notices":[],"_links":{"self":[{"href":"https:\/\/forstweg-familienquartier.de\/en\/wp-json\/wp\/v2\/pages\/14","targetHints":{"allow":["GET"]}}],"collection":[{"href":"https:\/\/forstweg-familienquartier.de\/en\/wp-json\/wp\/v2\/pages"}],"about":[{"href":"https:\/\/forstweg-familienquartier.de\/en\/wp-json\/wp\/v2\/types\/page"}],"author":[{"embeddable":true,"href":"https:\/\/forstweg-familienquartier.de\/en\/wp-json\/wp\/v2\/users\/1"}],"replies":[{"embeddable":true,"href":"https:\/\/forstweg-familienquartier.de\/en\/wp-json\/wp\/v2\/comments?post=14"}],"version-history":[{"count":10,"href":"https:\/\/forstweg-familienquartier.de\/en\/wp-json\/wp\/v2\/pages\/14\/revisions"}],"predecessor-version":[{"id":952,"href":"https:\/\/forstweg-familienquartier.de\/en\/wp-json\/wp\/v2\/pages\/14\/revisions\/952"}],"wp:attachment":[{"href":"https:\/\/forstweg-familienquartier.de\/en\/wp-json\/wp\/v2\/media?parent=14"}],"curies":[{"name":"wp","href":"https:\/\/api.w.org\/{rel}","templated":true}]}}